{"id":2670,"date":"2023-03-07T17:19:38","date_gmt":"2023-03-07T16:19:38","guid":{"rendered":"https:\/\/skiracingcamps.ch\/privacy-policy\/"},"modified":"2025-09-24T15:18:45","modified_gmt":"2025-09-24T13:18:45","slug":"datenschutzrichtlinie","status":"publish","type":"page","link":"https:\/\/skischoolgrimentz.ch\/de\/datenschutzrichtlinie\/","title":{"rendered":"Datenschutzrichtlinie"},"content":{"rendered":"\n<p>Wir m\u00f6chten sicherstellen, dass Sie sich auf unserer Website sicher f\u00fchlen, daher sind uns Ihre Privatsph\u00e4re und der Schutz Ihrer Pers\u00f6nlichkeitsrechte wichtig. Daher bitten wir Sie, die untenstehende Zusammenfassung \u00fcber die Funktionsweise unserer Website sorgf\u00e4ltig zu lesen. Sie k\u00f6nnen sich darauf verlassen, dass Ihre Daten transparent und fair verarbeitet werden, und wir werden uns bem\u00fchen, sorgf\u00e4ltig und verantwortungsbewusst mit Ihren Daten umzugehen.  <\/p>\n\n<p>Die folgende Datenschutzerkl\u00e4rung soll Sie dar\u00fcber informieren, wie wir Ihre personenbezogenen Daten verwenden, f\u00fcr die wir die strengen Anforderungen der Datenschutz-Grundverordnung (DSGVO) einhalten.<\/p>\n\n<div style=\"height:30px\" aria-hidden=\"true\" class=\"wp-block-spacer\"><\/div>\n\n<h2 class=\"wp-block-heading\">Kontaktdaten des Verantwortlichen und des Datenschutzbeauftragten<\/h2>\n\n<p>Verantwortlicher im Sinne der DSGVO, anderer Datenschutzgesetze der EU-Mitgliedstaaten und anderer Vorschriften zum Datenschutz ist:<\/p>\n\n<ul class=\"wp-block-list\">\n<li>Adresse: BrookLin Collective S\u00e0rl, Route de Ricard 8, 3960, Niouc, Schweiz<\/li>\n\n\n\n<li>Telefon: +41 767 721 509<\/li>\n\n\n\n<li>E-Mail: <a href=\"mailto:anniviers@bespokesnowsports.ch\">anniviers@bespokesnowsports.ch<\/a><\/li>\n\n\n\n<li>Der Datenschutzbeauftragte des Verantwortlichen ist erreichbar unter: <a href=\"mailto:anniviers@bespokesnowsports.ch\" target=\"_blank\" rel=\"noreferrer noopener\">anniviers@bespokesnowsports.ch<\/a><\/li>\n<\/ul>\n\n<div style=\"height:30px\" aria-hidden=\"true\" class=\"wp-block-spacer\"><\/div>\n\n<h2 class=\"wp-block-heading\">Umfang der Verarbeitung personenbezogener Daten<\/h2>\n\n<p>Wir erheben und verwenden Ihre personenbezogenen Daten nur, soweit dies zur Bereitstellung einer funktionsf\u00e4higen Website, unserer Inhalte und Leistungen erforderlich ist, z.B. wenn Sie sich auf unserer Website registrieren, sich in ein bestehendes Kundenkonto einloggen oder Produkte bestellen. Ihre personenbezogenen Daten werden nur mit Ihrer Einwilligung erhoben und verwendet. Eine Ausnahme von dieser Regel gilt, wenn eine vorherige Einwilligung aufgrund gegebener Umst\u00e4nde nicht m\u00f6glich ist und die Verarbeitung der Daten gesetzlich erlaubt ist.  <\/p>\n\n<p>Die Sicherheit Ihrer personenbezogenen Daten hat f\u00fcr uns hohe Priorit\u00e4t. Wir ergreifen daher technische und organisatorische Ma\u00dfnahmen, um Ihre bei uns gespeicherten Daten zu sch\u00fctzen, um deren Verlust und Missbrauch durch Dritte wirksam zu verhindern. Insbesondere unsere Mitarbeiter, die mit der Verarbeitung personenbezogener Daten betraut sind, sind zur Vertraulichkeit verpflichtet und zu deren Einhaltung verpflichtet. Ihre personenbezogenen Daten werden gesichert, indem sichergestellt wird, dass sie verschl\u00fcsselt \u00fcbertragen werden. Zum Beispiel verwenden wir SSL (Secure Sockets Layer), um mit Ihrem Webbrowser zu kommunizieren. Ihr Browser zeigt ein Vorh\u00e4ngeschloss-Symbol an, damit Sie erkennen k\u00f6nnen, wann eine SSL-Verbindung hergestellt wurde. Um sicherzustellen, dass Ihre Daten jederzeit gesch\u00fctzt sind, werden die technischen Sicherheitsma\u00dfnahmen regelm\u00e4\u00dfig \u00fcberpr\u00fcft und bei Bedarf an neue technologische Standards angepasst. Diese Grunds\u00e4tze gelten auch f\u00fcr Unternehmen, die wir mit der Verarbeitung und Nutzung von Daten nach unseren Weisungen beauftragen.      <\/p>\n\n<div style=\"height:30px\" aria-hidden=\"true\" class=\"wp-block-spacer\"><\/div>\n\n<p><strong>Zwecke der Verarbeitung und die Rechtsgrundlagen f\u00fcr die Verarbeitung Ihrer personenbezogenen Daten<\/strong><br\/>Wir erheben, verarbeiten und nutzen Ihre personenbezogenen Daten zu folgenden Zwecken:<\/p>\n\n<ul class=\"wp-block-list\">\n<li>Der Abschluss und die Erf\u00fcllung von Vertr\u00e4gen.<\/li>\n\n\n\n<li>Die Zustellung von Newslettern.<\/li>\n\n\n\n<li>Marketingaktivit\u00e4ten, wie z. B. Gewinnspiele.<\/li>\n\n\n\n<li>Kundenservice und Kundensupport.<\/li>\n\n\n\n<li>Erbringung von Rundfunkmedienleistungen, z.B. zur Abwicklung von Bestellungen f\u00fcr die von uns online angebotenen Waren und Dienstleistungen.<\/li>\n<\/ul>\n\n<p>Ihre personenbezogenen Daten k\u00f6nnen auf der Grundlage der folgenden Rechtsgrundlagen verarbeitet werden:<\/p>\n\n<ul class=\"wp-block-list\">\n<li>Art. 6 Abs. 1 lit. a DSGVO dient als Rechtsgrundlage f\u00fcr Verarbeitungst\u00e4tigkeiten, f\u00fcr die wir Ihre Einwilligung f\u00fcr einen bestimmten Verarbeitungszweck einholen.   <\/li>\n\n\n\n<li>Art. 6 Abs. 1 lit. b DSGVO besagt, dass personenbezogene Daten zur Erf\u00fcllung eines Vertrages, z.B. beim Kauf eines Produkts, verarbeitet werden k\u00f6nnen. Gleiches gilt f\u00fcr etwaige Verarbeitungst\u00e4tigkeiten, die zur Durchf\u00fchrung vorvertraglicher Ma\u00dfnahmen erforderlich sind, wie z.B. die Bearbeitung von Anfragen zu Produkten oder Dienstleistungen.  <\/li>\n\n\n\n<li>Art. 6 Abs. 1 lit. c DSGVO findet Anwendung, soweit wir an eine rechtliche Verpflichtung gebunden sind, die die Verarbeitung personenbezogener Daten erfordert, z.B. zur Erf\u00fcllung steuerlicher Pflichten. <\/li>\n\n\n\n<li>Art. 6 Abs. 1 lit. d DSGVO besagt, dass personenbezogene Daten verarbeitet werden k\u00f6nnen, um lebenswichtige Interessen von Ihnen oder einer anderen nat\u00fcrlichen Person zu sch\u00fctzen. <\/li>\n\n\n\n<li>Art. 6 Abs. 1 lit. f DSGVO gilt in Bezug auf unsere berechtigten Interessen, z.B. beim Einsatz von Dienstleistern zum Zwecke der Durchf\u00fchrung von Bestellungen (z.B. Lieferdienste), bei der Durchf\u00fchrung statistischer Erhebungen und Analysen oder bei der Protokollierung von Login-Versuchen. Unser Interesse liegt darin, eine benutzerfreundliche, ansprechende und sichere Website bereitzustellen und zu optimieren, um sowohl unseren Gesch\u00e4ftsinteressen als auch Ihren Erwartungen gerecht zu werden.  <\/li>\n<\/ul>\n\n<div style=\"height:30px\" aria-hidden=\"true\" class=\"wp-block-spacer\"><\/div>\n\n<h2 class=\"wp-block-heading\">Dauer der Speicherung und routinem\u00e4\u00dfige L\u00f6schung personenbezogener Daten<\/h2>\n\n<p>Wir verarbeiten und speichern Ihre personenbezogenen Daten nur so lange, wie es zur Erf\u00fcllung des Zwecks, f\u00fcr den sie gespeichert werden, erforderlich ist oder wir aufgrund von Gesetzen oder Vorschriften dazu verpflichtet sind. Sobald der Zweck nicht mehr besteht oder erf\u00fcllt ist, werden Ihre personenbezogenen Daten gel\u00f6scht oder eingeschr\u00e4nkt. Im Falle einer Einschr\u00e4nkung der Daten erfolgt die L\u00f6schung, sobald die durch Gesetz, Satzungen oder Vertr\u00e4ge auferlegten Aufbewahrungsfristen der L\u00f6schung nicht mehr entgegenstehen, sofern kein Grund zur Annahme besteht, dass die L\u00f6schung Ihre berechtigten Interessen gef\u00e4hrden w\u00fcrde, und sofern diese L\u00f6schung nicht aufgrund der besonderen Art der Speicherung mit einem unverh\u00e4ltnism\u00e4\u00dfig hohen Aufwand verbunden w\u00e4re.  <\/p>\n\n<div style=\"height:30px\" aria-hidden=\"true\" class=\"wp-block-spacer\"><\/div>\n\n<h2 class=\"wp-block-heading\">Erhebung allgemeiner Daten und Informationen (Logfiles)<\/h2>\n\n<p>Unsere Website erfasst gem\u00e4\u00df Art. 6 Abs. 1 lit. f DSGVO bei jedem Zugriff eine Reihe von allgemeinen Daten und Informationen, die tempor\u00e4r in den Logfiles eines Servers gespeichert werden. Eine Protokolldatei wird im Rahmen der automatischen Protokollierung erstellt, die vom verarbeitenden Computersystem durchgef\u00fchrt wird. Folgende Daten k\u00f6nnen erhoben werden:   <\/p>\n\n<ul class=\"wp-block-list\">\n<li>Zugriff auf die Website (Datum, Uhrzeit und H\u00e4ufigkeit).<\/li>\n\n\n\n<li>Wie Sie auf die Website gelangt sind (verweisende Seite, Hyperlink usw.).<\/li>\n\n\n\n<li>Menge der gesendeten Daten.<\/li>\n\n\n\n<li>Der Browser und die Browserversion, die Sie verwenden.<\/li>\n\n\n\n<li>Das Betriebssystem, das Sie verwenden.<\/li>\n\n\n\n<li>Der Internetdienstanbieter, den Sie verwenden.<\/li>\n\n\n\n<li>Die IP-Adresse, die Ihr Internetdienstanbieter Ihrem Computer zuweist, wenn er eine Verbindung zum Internet herstellt.<\/li>\n<\/ul>\n\n<p>Die Erhebung und Speicherung dieser Daten ist f\u00fcr den Betrieb der Website erforderlich, um die Funktionalit\u00e4t der Website bereitzustellen und die Inhalte unserer Website korrekt auszuliefern. Wir verwenden die Daten auch, um unsere Website zu optimieren und die Sicherheit unserer IT-Systeme zu gew\u00e4hrleisten. Aus diesem Grund werden die Daten als technische Vorsichtsma\u00dfnahme f\u00fcr maximal sieben Tage gespeichert.  <\/p>\n\n<p>Wir verwenden diese Daten auch f\u00fcr Zwecke des Marketings, der Marktforschung und der bedarfsgerechten Gestaltung unserer Dienstleistungen durch Erstellung und Analyse von Nutzungsprofilen unter Pseudonymen, allerdings nur, wenn Sie nicht auf diese Weise Ihr Recht auf Verweigerung oder Widerruf der Einwilligung zur Nutzung Ihrer Daten geltend gemacht haben (siehe Hinweise zu Ihrem Widerspruchsrecht unter &#8222;Ihre Rechte&#8220;). Dazu geh\u00f6rt die Funktion &#8222;Remember me&#8220;, die Sie auch in Ihrem Kundenkonto unter &#8222;Pers\u00f6nliche Daten&#8220; deaktivieren k\u00f6nnen. <\/p>\n\n<div style=\"height:30px\" aria-hidden=\"true\" class=\"wp-block-spacer\"><\/div>\n\n<h2 class=\"wp-block-heading\"><strong>Cookies, Webanalysedienste und soziale Medien<\/strong><\/h2>\n\n<p>Wir verwenden auf unserer Website Cookies, Webanalysedienste und Social-Media-Plugins, f\u00fcr die es eine gesonderte Datenschutzerkl\u00e4rung gibt.<\/p>\n\n<p><strong>Verarbeitung personenbezogener Daten bei der Kontaktaufnahme, bei der Registrierung und bei der Abgabe von Gastbestellungen.<\/strong><\/p>\n\n<p>a) Kontaktaufnahme Bei der Kontaktaufnahme mit uns per Telefon, E-Mail oder \u00fcber das Kontaktformular werden die von Ihnen gemachten Angaben von uns auf Grundlage von Art. 6 Abs. 1 lit. a DSGVO gespeichert, um Ihre Fragen zu beantworten. Der Kontakt wird protokolliert, um den Nachweis des Kontakts gem\u00e4\u00df den gesetzlichen Vorgaben erbringen zu k\u00f6nnen. F\u00fcr die Datenverarbeitung wird beim Ausf\u00fcllen des Kontaktformulars Ihre Einwilligung eingeholt und dort auf diese Datenschutzerkl\u00e4rung verwiesen. Die in diesem Zusammenhang erhobenen Daten werden von uns gel\u00f6scht, wenn die betreffende Konversation abgeschlossen und der Sachverhalt abschlie\u00dfend gekl\u00e4rt ist.     <\/p>\n\n<p>b) Sonstiges Auf Grundlage von Art. 6 Abs. 1 lit. c und f DSGVO verwenden und speichern wir Ihre personenbezogenen Daten und technischen Informationen, soweit dies erforderlich ist, um Missbrauch oder sonstiges rechtswidriges Verhalten auf unserer Website zu verhindern oder zu untersuchen, z.B. zur Aufrechterhaltung der Datensicherheit im Falle von Angriffen auf unsere informationstechnologischen Systeme. Dies kann auch aufgrund beh\u00f6rdlicher oder gerichtlicher Anordnung erfolgen, soweit wir gesetzlich dazu verpflichtet sind, sowie zur Wahrung unserer Rechte und Interessen und zur Erm\u00f6glichung einer Rechtsverteidigung unsererseits.  <\/p>\n\n<p><strong>\u00dcbermittlung personenbezogener Daten an Dritte.<\/strong><\/p>\n\n<p>Bei der \u00dcbermittlung Ihrer personenbezogenen Daten achten wir darauf, dass das Sicherheitsniveau stets so hoch wie m\u00f6glich ist, weshalb Ihre Daten nur an Dienstleister und Partnerunternehmen \u00fcbermittelt werden, die zuvor sorgf\u00e4ltig ausgew\u00e4hlt und an vertragliche Verpflichtungen gebunden sind. Wir \u00fcbermitteln Ihre Daten auch nur an Stellen, die ihren Sitz innerhalb des Europ\u00e4ischen Wirtschaftsraums haben und damit den strengen EU-Datenschutzgesetzen unterliegen oder an einen entsprechenden Sicherheitsstandard gebunden sind. Eine \u00dcbermittlung von Daten in Drittl\u00e4nder wird derzeit nicht durchgef\u00fchrt oder ist nicht geplant.  <\/p>\n\n<p>a) \u00dcbermittlung zwischen mit dem Konzern verbundenen Unternehmen gem\u00e4\u00df Art. 6 Abs. 1 lit. b DSGVO Wir \u00fcbermitteln Ihre personenbezogenen Daten f\u00fcr den Abschluss und die Durchf\u00fchrung von Vertr\u00e4gen \u00fcber die Durchf\u00fchrung von Lieferungen und Leistungen auf unserer Website an mit dem Konzern verbundene Unternehmen innerhalb Deutschlands zur Speicherung in zentralen Datenbanken sowie zu konzerninternen Abrechnungs- und Abrechnungszwecken. Dies ist insbesondere erforderlich, damit Sie alle unsere Dienste nutzen k\u00f6nnen. Wenn Sie Ihre Bestellung in einer Filiale abholen m\u00f6chten, wird die von Ihnen ausgew\u00e4hlte Filiale \u00fcber Ihre Bestellung informiert und bearbeitet diese. Wenn Sie sich bei Fragen, Reklamationen oder Retouren an eine Filiale oder unsere Kundenhotline wenden, erhalten diese ebenfalls Zugriff auf Ihre Bestelldaten, um Ihr Anliegen bearbeiten zu k\u00f6nnen.    <\/p>\n\n<p>b) \u00dcbermittlung an sonstige Dritte gem\u00e4\u00df Art. 6 Abs. 1 lit. c und f DSGVO Schlie\u00dflich k\u00f6nnen wir Ihre Daten nach geltendem Datenschutzrecht an Dritte oder staatliche Stellen \u00fcbermitteln, wenn wir gesetzlich dazu verpflichtet sind (z.B. aufgrund einer Anordnung einer Beh\u00f6rde oder eines Gerichts) oder wenn wir dazu berechtigt sind (z.B. weil es f\u00fcr die B. zur Aufkl\u00e4rung krimineller Handlungen oder zur Geltendmachung und Durchsetzung unserer Rechte und Interessen). <\/p>\n\n<p><strong>Ihre Rechte.<\/strong><\/p>\n\n<p>Selbstverst\u00e4ndlich haben Sie Rechte im Zusammenhang mit der Erhebung Ihrer Daten, \u00fcber die wir Sie hier gerne informieren. Wenn Sie eines der folgenden Rechte kostenlos in Anspruch nehmen m\u00f6chten, senden Sie uns einfach eine Nachricht. Sie k\u00f6nnen die folgenden Kontaktdaten verwenden, ohne dass Ihnen andere Kosten entstehen als die von Ihrem Kommunikationsanbieter f\u00fcr die \u00dcbermittlung der Nachricht berechneten:  <\/p>\n\n<p>Per E-Mail: <a href=\"mailto:anniviers@bespokesnowsports.ch\" target=\"_blank\" rel=\"noreferrer noopener\"><\/a><a href=\"mailto:anniviers@bespokesnowsports.ch\">anniviers@bespokesnowsports.ch<\/a><br\/>Per Post: BrookLin Collective S\u00e0rl, Route de Ricard 8, 3960, Niouc, Schweiz<\/p>\n\n<p>Zu Ihrer eigenen Sicherheit behalten wir uns das Recht vor, bei der Beantwortung einer bestehenden Anfrage weitere Informationen zu erhalten, die zur Best\u00e4tigung Ihrer Identit\u00e4t erforderlich sind. Sollte eine Identifizierung nicht m\u00f6glich sein, behalten wir uns zudem das Recht vor, die Beantwortung Ihrer Anfrage zu verweigern. <\/p>\n\n<p>a) Recht auf Auskunft: Sie haben das Recht, von uns Auskunft \u00fcber die zu Ihrer Person gespeicherten personenbezogenen Daten zu verlangen.<\/p>\n\n<p>b) Recht auf Berichtigung: Sie haben das Recht, unverz\u00fcglich die Berichtigung und\/oder Vervollst\u00e4ndigung der zu Ihrer Person gespeicherten personenbezogenen Daten zu verlangen.<\/p>\n\n<p>c) Recht auf Einschr\u00e4nkung der Verarbeitung Sie haben das Recht, die Einschr\u00e4nkung der Verarbeitung Ihrer personenbezogenen Daten zu verlangen, wenn Sie die Richtigkeit der zu Ihrer Person gespeicherten Daten bestreiten, die Verarbeitung unrechtm\u00e4\u00dfig ist und wir die Daten nicht mehr ben\u00f6tigen, Sie aber nicht die L\u00f6schung der Daten w\u00fcnschen und diese zur Geltendmachung verlangen,  Rechtsanspr\u00fcche geltend zu machen oder zu verteidigen oder wenn Sie Widerspruch gegen die Verarbeitung eingelegt haben.<\/p>\n\n<p>d) Recht auf L\u00f6schung Sie haben das Recht, die L\u00f6schung Ihrer bei uns gespeicherten personenbezogenen Daten zu verlangen, es sei denn, die Aufbewahrung der Daten ist f\u00fcr die Meinungsfreiheit, f\u00fcr die Informationsfreiheit, zur Erf\u00fcllung einer rechtlichen Verpflichtung, aus Gr\u00fcnden des \u00f6ffentlichen Interesses, zur Geltendmachung oder Verteidigung von Rechtsanspr\u00fcchen oder zur Aus\u00fcbung von Rechtsanspr\u00fcchen erforderlich.<\/p>\n\n<p>e) Recht auf Auskunft Haben Sie Ihr Recht auf Berichtigung, L\u00f6schung oder Einschr\u00e4nkung der Verarbeitung geltend gemacht, teilen wir allen Empf\u00e4ngern Ihrer personenbezogenen Daten mit, wie diese Daten berichtigt oder gel\u00f6scht wurden oder nun Einschr\u00e4nkungen der Verarbeitung unterliegen, es sei denn, dies ist unm\u00f6glich oder mit einem unverh\u00e4ltnism\u00e4\u00dfigen Aufwand verbunden.<\/p>\n\n<p>f) Recht auf Daten\u00fcbertragbarkeit: Sie haben das Recht, sich oder einem Dritten eine Kopie der Daten, die Sie uns bereitgestellt haben, in einem strukturierten, standardisierten und maschinenlesbaren Format zusenden zu lassen. Wenn Sie verlangen, dass die Daten direkt an einen anderen f\u00fcr die Verarbeitung Verantwortlichen \u00fcbermittelt werden, erfolgt dies nur, wenn dies technisch machbar ist. <\/p>\n\n<p>g) Widerspruchsrecht Werden Ihre personenbezogenen Daten auf Grundlage von berechtigten Interessen gem\u00e4\u00df Art. 6 Abs. 1 lit. f DSGVO verarbeitet, so haben Sie das Recht, gem\u00e4\u00df Art. 21 DSGVO jederzeit Widerspruch gegen die Verarbeitung einzulegen. <\/p>\n\n<p>h) Recht auf Widerruf der Einwilligung: Sie haben das Recht, Ihre Einwilligung zur Datenerhebung jederzeit mit Wirkung f\u00fcr die Zukunft zu widerrufen. Die bis zur Rechtswirksamkeit des Widerrufs erhobenen Daten bleiben hiervon unber\u00fchrt. Wir bitten um Ihr Verst\u00e4ndnis, dass die Bearbeitung Ihrer Auszahlung aus technischen Gr\u00fcnden einige Zeit in Anspruch nehmen kann und dass Sie in dieser Zeit weiterhin Nachrichten von uns erhalten k\u00f6nnen.  <\/p>\n\n<p>i) Recht auf Beschwerde bei einer Aufsichtsbeh\u00f6rde Verst\u00f6\u00dft die Verarbeitung Ihrer personenbezogenen Daten gegen das Datenschutzrecht oder werden Ihre datenschutzrechtlichen Anspr\u00fcche in sonstiger Weise verletzt, k\u00f6nnen Sie sich bei der Aufsichtsbeh\u00f6rde beschweren.<\/p>\n\n<p>Der schnellste, einfachste und bequemste Weg, Ihre Rechte auf Berichtigung und L\u00f6schung auszu\u00fcben, besteht darin, sich in Ihr Kundenkonto einzuloggen und die darin gespeicherten Daten direkt zu bearbeiten oder zu l\u00f6schen. Bitte beachten Sie, dass Sie nach der L\u00f6schung Ihrer Daten keinen Zugriff mehr auf die Dienste unserer Produktpartner \u00fcber unsere Website haben. Dies kann auch das erneute Herunterladen von Diensten umfassen. Bitte sichern Sie daher Ihre Daten, bevor Sie Ihr Recht auf L\u00f6schung geltend machen. Daten, zu deren Aufbewahrung wir aufgrund gesetzlicher Verpflichtungen, Satzungen oder vertraglicher Aufbewahrungspflichten verpflichtet sind, werden anstelle der L\u00f6schung eingeschr\u00e4nkt, um eine Verwendung f\u00fcr andere Zwecke zu verhindern.    <\/p>\n\n<p><strong>Links zu den Websites anderer Unternehmen.<\/strong><\/p>\n\n<p>Unsere Website enth\u00e4lt Links zu Websites anderer Unternehmen. Wir sind nicht verantwortlich f\u00fcr die Datensicherheit anderer Websites, die \u00fcber diese Links erreichbar sind. Bitte erkundigen Sie sich auf diesen externen Websites nach den jeweiligen Datenschutzrichtlinien.  <\/p>\n\n<p><strong>\u00c4nderungen der Datenschutzrichtlinie.<\/strong><\/p>\n\n<p>Um sicherzustellen, dass unsere Datenschutzerkl\u00e4rung jederzeit den aktuellen gesetzlichen Anforderungen entspricht, behalten wir uns das Recht vor, jederzeit \u00c4nderungen vorzunehmen. Dies gilt auch, wenn die Datenschutzrichtlinie ge\u00e4ndert werden muss, um neue oder \u00fcberarbeitete Produkte oder Dienstleistungen aufzunehmen. <\/p>\n","protected":false},"excerpt":{"rendered":"<p>Wir m\u00f6chten sicherstellen, dass Sie sich auf unserer Website sicher f\u00fchlen, daher sind uns Ihre Privatsph\u00e4re und der Schutz Ihrer Pers\u00f6nlichkeitsrechte wichtig. Daher bitten wir Sie, die untenstehende Zusammenfassung \u00fcber die Funktionsweise unserer Website sorgf\u00e4ltig zu lesen. Sie k\u00f6nnen sich darauf verlassen, dass Ihre Daten transparent und fair verarbeitet werden, und wir werden uns bem\u00fchen, &#8230; <a title=\"Datenschutzrichtlinie\" class=\"read-more\" href=\"https:\/\/skischoolgrimentz.ch\/de\/datenschutzrichtlinie\/\" aria-label=\"Mehr Informationen \u00fcber Datenschutzrichtlinie\">Weiterlesen &#8230;<\/a><\/p>\n","protected":false},"author":1,"featured_media":0,"parent":0,"menu_order":0,"comment_status":"closed","ping_status":"closed","template":"","meta":{"inline_featured_image":false,"_kad_blocks_custom_css":"","_kad_blocks_head_custom_js":"","_kad_blocks_body_custom_js":"","_kad_blocks_footer_custom_js":"","_mbp_gutenberg_autopost":false,"_joinchat":[],"footnotes":""},"class_list":["post-2670","page","type-page","status-publish"],"taxonomy_info":[],"featured_image_src_large":false,"author_info":{"display_name":"carloslongarela","author_link":"https:\/\/skischoolgrimentz.ch\/de\/author\/carloslongarela\/"},"comment_info":0,"_links":{"self":[{"href":"https:\/\/skischoolgrimentz.ch\/de\/wp-json\/wp\/v2\/pages\/2670","targetHints":{"allow":["GET"]}}],"collection":[{"href":"https:\/\/skischoolgrimentz.ch\/de\/wp-json\/wp\/v2\/pages"}],"about":[{"href":"https:\/\/skischoolgrimentz.ch\/de\/wp-json\/wp\/v2\/types\/page"}],"author":[{"embeddable":true,"href":"https:\/\/skischoolgrimentz.ch\/de\/wp-json\/wp\/v2\/users\/1"}],"replies":[{"embeddable":true,"href":"https:\/\/skischoolgrimentz.ch\/de\/wp-json\/wp\/v2\/comments?post=2670"}],"version-history":[{"count":5,"href":"https:\/\/skischoolgrimentz.ch\/de\/wp-json\/wp\/v2\/pages\/2670\/revisions"}],"predecessor-version":[{"id":7970,"href":"https:\/\/skischoolgrimentz.ch\/de\/wp-json\/wp\/v2\/pages\/2670\/revisions\/7970"}],"wp:attachment":[{"href":"https:\/\/skischoolgrimentz.ch\/de\/wp-json\/wp\/v2\/media?parent=2670"}],"curies":[{"name":"wp","href":"https:\/\/api.w.org\/{rel}","templated":true}]}}