{"id":2626,"date":"2023-09-29T12:35:57","date_gmt":"2023-09-29T10:35:57","guid":{"rendered":"https:\/\/skiracingcamps.ch\/cookies-policy\/"},"modified":"2025-09-24T15:30:20","modified_gmt":"2025-09-24T13:30:20","slug":"politica-cookies","status":"publish","type":"page","link":"https:\/\/skischoolgrimentz.ch\/es\/politica-cookies\/","title":{"rendered":"Pol\u00edtica de cookies"},"content":{"rendered":"\n<h1 class=\"wp-block-heading\">Pol\u00edtica de Cookies<\/h1>\n\n<p><strong>Cookies, web analysis services and social media.<\/strong><\/p>\n\n<p>Nos gustar\u00eda que su experiencia en nuestro sitio web fuera buena y, por lo tanto, utilizamos cookies, servicios de an\u00e1lisis web y complementos de redes sociales seg\u00fan el art\u00edculo 6, p\u00e1rrafo 1, f del RGPD. <\/p>\n\n<p>Para ello, utilizamos diversas cookies y servicios para garantizar la plena funcionalidad de nuestro sitio web y hacerlo lo m\u00e1s informativo y f\u00e1cil de usar posible para usted. Es importante para nosotros que pueda navegar por nuestro sitio web con facilidad y, por lo tanto, valoramos mucho la realizaci\u00f3n de mejoras continuas en \u00e9l. Esto incluye guardar la configuraci\u00f3n y los formularios precargados para que no tenga que seguir introduciendo los mismos datos. Tambi\u00e9n es importante para nosotros que solo vea contenido que realmente le interese y que facilite su experiencia en l\u00ednea.   <\/p>\n\n<p>Sin embargo, no nos olvidaremos de tratar sus datos personales con cuidado. A continuaci\u00f3n encontrar\u00e1 informaci\u00f3n detallada sobre el uso de cookies y los servicios en funcionamiento en este sitio web. Por supuesto, puede desactivar todas las cookies y servicios si lo desea. Puede hacerlo bloqueando o eliminando las cookies a trav\u00e9s de su navegador de Internet o desactiv\u00e1ndolas por separado instalando una cookie de inhabilitaci\u00f3n o siguiendo un enlace. Recuerde que la desactivaci\u00f3n es necesaria para todos los navegadores que utilice. Si elimina todas las cookies de su navegador, esto tambi\u00e9n afecta a la cookie de inhabilitaci\u00f3n.     <\/p>\n\n<p><strong>Functional cookies.<\/strong><\/p>\n\n<p>Las cookies son peque\u00f1os archivos de texto que los sitios que visita colocan en su ordenador, que permiten reconstruir cualquier configuraci\u00f3n u otros cambios que haya realizado en su pr\u00f3xima visita.<\/p>\n\n<p>Estas cookies funcionales garantizan el correcto funcionamiento de nuestro sitio web. Estas cookies se almacenan durante un m\u00e1ximo de dos a\u00f1os y luego se eliminan autom\u00e1ticamente. Con estas cookies son posibles las siguientes funciones:  <\/p>\n\n<ul class=\"wp-block-list\">\n<li>guardar los productos que ha colocado en la cesta o que ha guardado en su lista de deseos,<\/li>\n\n\n\n<li>guardar los datos que ha introducido durante el proceso de pago o al realizar un pedido para que no tenga que volver a introducirlos,<\/li>\n\n\n\n<li>Guardar configuraciones como idioma, ubicaci\u00f3n, n\u00famero de resultados de b\u00fasqueda, etc.<\/li>\n\n\n\n<li>saving settings for optimum video display, e.g. the desired buffer size and your screen\u2019s resolution,<\/li>\n\n\n\n<li>recording your browser settings to allow our website to be displayed optimally,<\/li>\n\n\n\n<li>recognising misuse of our websites and services, e.g. by recording numerous consecutive or failed attempts to register,<\/li>\n\n\n\n<li>loading the website in full so that the website remains accessible,<\/li>\n\n\n\n<li>saving your login data so that you do not need to enter it again each time,<\/li>\n<\/ul>\n\n<p>Puede evitar que estas cookies se almacenen o eliminar las cookies ya almacenadas. Puede obtener informaci\u00f3n m\u00e1s detallada del fabricante o de la secci\u00f3n de ayuda de su navegador de Internet. Debemos recordarle que algunas funciones de nuestro sitio web ya no estar\u00e1n disponibles o solo de forma limitada si no permite estas cookies funcionales.  <\/p>\n\n<p><strong>Analysis services for statistical purposes.<\/strong><\/p>\n\n<p>Con el fin de determinar qu\u00e9 contenido de nuestro sitio web es el m\u00e1s atractivo para usted, supervisamos continuamente el n\u00famero de visitantes y el contenido m\u00e1s visto. Utilizamos los datos que recopilamos con fines estad\u00edsticos, tales como: <\/p>\n\n<ul class=\"wp-block-list\">\n<li>registrar el n\u00famero de visitantes a nuestros sitios web,<\/li>\n\n\n\n<li>registrar la cantidad de tiempo que los visitantes pasan en nuestro sitio,<\/li>\n\n\n\n<li>registrar el orden de las visitas a los diferentes sitios web,<\/li>\n\n\n\n<li>Determinar qu\u00e9 partes de nuestro sitio web necesitan ser modificadas u optimizadas por el sitio web.<\/li>\n<\/ul>\n\n<p>Utilizamos los siguientes servicios con fines estad\u00edsticos; Puede desactivarlas instalando una cookie de inhabilitaci\u00f3n o siguiendo un enlace:<\/p>\n\n<p><strong>Google Analytics.<\/strong><\/p>\n\n<p>Google Analytics es un servicio de an\u00e1lisis web de Google Inc., 1600 Amphitheatre Parkway Mountain View, CA 94043, EE. UU. Google Analytics utiliza cookies para permitir que el operador del sitio web analice c\u00f3mo los usuarios utilizan el sitio. La informaci\u00f3n generada por la cookie sobre su uso de este sitio web generalmente se transfiere a un servidor de Google en los EE. UU. y se almacena all\u00ed. Google reducir\u00e1 previamente su direcci\u00f3n IP dentro de los Estados miembros de la Uni\u00f3n Europea o en otros Estados parte del Acuerdo sobre el Espacio Econ\u00f3mico Europeo. Solo en casos excepcionales se transmitir\u00e1 la direcci\u00f3n IP completa a un servidor de Google en los EE. UU. y se acortar\u00e1 all\u00ed. La direcci\u00f3n IP transmitida por su navegador en el contexto de Google Analytics no se combina con otros datos de Google. Las cookies almacenadas de Google Analytics se eliminan autom\u00e1ticamente despu\u00e9s de 14 meses.      <\/p>\n\n<p>Para obtener m\u00e1s informaci\u00f3n sobre las condiciones de uso y la protecci\u00f3n de datos, visite <a href=\"https:\/\/www.google.com\/analytics\/terms\/gb.html\" rel=\"noopener\">https:\/\/www.google.com\/analytics\/terms\/gb.html<\/a> y <a href=\"https:\/\/policies.google.com\/?hl=en\" rel=\"noopener\">https:\/\/policies.google.com\/?hl=en<\/a><\/p>\n\n<p>Para desactivar Google Analytics, haga clic en el siguiente enlace para descargar e instalar un complemento del navegador:<a href=\"https:\/\/tools.google.com\/dlpage\/gaoptout?hl=en\" rel=\"noopener\">https:\/\/tools.google.com\/dlpage\/gaoptout?hl=en<\/a><\/p>\n\n<p>Tambi\u00e9n puede desactivar estas cookies, que son activadas por el llamado Google Tag Manager integrado en el sitio web, haga clic aqu\u00ed:Opt Out.Esto le proporcionar\u00e1 una opci\u00f3n de exclusi\u00f3n voluntaria para todas las etiquetas de Google Tag Manager basadas en una cookie.<\/p>\n\n<p><strong>Marketing services.<\/strong><\/p>\n\n<p>Utilizamos servicios de marketing para mostrarle ofertas atractivas y ofertas de terceros. Esto implicar\u00e1 que mostremos anuncios a trav\u00e9s de socios publicitarios o redes publicitarias que utilizan cookies de terceros. Estos se activan cuando visita nuestro sitio web y solo son le\u00eddos por el socio publicitario correspondiente. Adem\u00e1s, solo queremos mostrarle anuncios que realmente le resulten atractivos. Con este fin, utilizamos el retargeting en nuestro sitio web para asegurarnos de que los anuncios coincidan con sus intereses. Las cookies almacenadas temporalmente para esto permiten a nuestros socios de retargeting reconocer a los visitantes de nuestro sitio web bajo un seud\u00f3nimo y mostrar solo productos que podr\u00edan interesar a nuestros visitantes.     <\/p>\n\n<p>No se almacenan datos personales o confidenciales en las cookies de nuestro socio de retargeting. Y los datos recopilados no se fusionar\u00e1n con datos que permitan identificar a nuestros visitantes. <\/p>\n\n<p>Los servicios nos permiten, por ejemplo:<\/p>\n\n<ul class=\"wp-block-list\">\n<li>para medir el \u00e9xito y el cobro de la publicidad entre los socios publicitarios y nosotros,  <\/li>\n\n\n\n<li>para hacer un seguimiento de los anuncios que ya ha visto para evitar que se vuelvan a mostrar los mismos,  <\/li>\n\n\n\n<li>para ver el n\u00famero de veces que se visita nuestro sitio web,<\/li>\n\n\n\n<li>to track internal search requests,<\/li>\n\n\n\n<li>para ver qu\u00e9 sitios de productos se pueden acceder o para reconocer su estado de inicio de sesi\u00f3n.<\/li>\n<\/ul>\n\n<p>No obstante, nos gustar\u00eda informarle de que, incluso si desactiva estos servicios con fines de marketing, se le seguir\u00e1n mostrando anuncios. Estos anuncios podr\u00edan, por ejemplo, adaptarse al contenido del sitio web. Se puede comparar este tipo de contenido (la publicidad en Internet con la publicidad en televisi\u00f3n): si ves un programa de televisi\u00f3n sobre cocina, a menudo ver\u00e1s un anuncio sobre productos de cocina durante las pausas publicitarias.  <\/p>\n\n<p>Utilizamos los siguientes servicios con fines de marketing; Puede desactivarlas instalando una cookie de inhabilitaci\u00f3n o siguiendo un enlace:<\/p>\n\n<p><strong>Facebook \u00abp\u00edxel de acci\u00f3n del visitante\u00bb<\/strong>El \u00abp\u00edxel de acci\u00f3n del visitante\u00bb es una herramienta de Facebook Inc., 1601 Willow Road, Menlo Park, CA 94025, EE. UU. En funci\u00f3n de las visitas al sitio web y del comportamiento de navegaci\u00f3n, esta herramienta nos permite determinar los grupos objetivo para anunciarse en Facebook, los llamados \u00abFacebook-Ads\u00bb. Tambi\u00e9n utilizamos esta herramienta para medir la efectividad de las actividades de marketing online. Por lo tanto, podemos seguir las acciones de los usuarios despu\u00e9s de que hayan visto y\/o hecho clic en un anuncio de Facebook y luego hayan realizado un pedido. Una vez que llega al sitio web, el p\u00edxel es integrado directamente por Facebook y puede almacenar una cookie en su dispositivo. Si posteriormente inicia sesi\u00f3n en Facebook o ya ha iniciado sesi\u00f3n en Facebook, su visita al sitio web se anotar\u00e1 en su perfil. Los datos recopilados permanecen an\u00f3nimos, lo que significa que no podemos ver los datos personales de los usuarios individuales ni asociarlos con otra informaci\u00f3n sobre un usuario. Sin embargo, estos datos son almacenados y procesados por Facebook, de modo que es posible llegar a una conclusi\u00f3n sobre el perfil de usuario respectivo. El procesamiento de datos por parte de Facebook se lleva a cabo de acuerdo con la pol\u00edtica de uso de datos de Facebook. Si no es miembro de Facebook, no se ver\u00e1 afectado por este tratamiento de datos.         <\/p>\n\n<p><strong>Social media plug-ins.<\/strong><\/p>\n\n<p>Nuestro sitio web le ofrece complementos de redes sociales de varios sitios de redes sociales para que pueda conectarse a sus canales de redes sociales. Estos plug-ins est\u00e1n marcados con un logotipo o las palabras \u00absocial plug-in\u00bb. La integraci\u00f3n de los plug-ins se lleva a cabo a trav\u00e9s de AddThis.com, un servicio de Oracle America Inc., 500 Oracle Parkway, Redwood Shores, CA 94065, EE. UU.  <\/p>\n\n<p>Solo con un segundo clic de los complementos de redes sociales, puede utilizar completamente la funci\u00f3n de difusi\u00f3n (como el bot\u00f3n \u00abMe gusta\u00bb). Si usted es miembro de una red social y hace clic en el complemento social correspondiente, el proveedor de la red social puede vincular all\u00ed la informaci\u00f3n sobre su visita a nuestro sitio web con los datos de su perfil. Por favor, inf\u00f3rmese sobre estas funcionalidades por parte de los proveedores de las redes sociales que utiliza.  <\/p>\n\n<p>Los siguientes plug-ins de redes sociales est\u00e1n integrados en nuestro sitio web:<\/p>\n\n<ul class=\"wp-block-list\">\n<li><strong>Bot\u00f3n \u00abMe gusta\u00bb \/ \u00abCompartir\u00bb de Facebook<\/strong> Proveedor: Facebook Inc., 1601 Willow Road, Menlo Park, CA 94025, EE. <a href=\"https:\/\/www.facebook.com\/legal\/FB_Work_Privacy\" rel=\"noopener\">UU. Pol\u00edtica de privacidad Facebook<\/a><\/li>\n\n\n\n<li><strong>Bot\u00f3n de Google+<\/strong> Proveedor: Google Inc., 1600 Amphitheatre Parkway Mountain View, CA 94043, <a href=\"https:\/\/policies.google.com\/privacy\" rel=\"noopener\">EE. UU. Pol\u00edtica de privacidad de Google+<\/a><\/li>\n\n\n\n<li><strong>Complemento social de Instragram<\/strong> Proveedor: Instagram LLC, 1601 Willow Road, Menlo Park, CA 94025, <a href=\"https:\/\/help.instagram.com\/155833707900388\" rel=\"noopener\">EE. UU. Pol\u00edtica de privacidad Instragram<\/a><\/li>\n\n\n\n<li><strong>Bot\u00f3n de Twitter Tweet<\/strong> Proveedor: Twitter Inc., 1355 Market Street, Suite 900, San Francisco, CA 94103, EE. <a href=\"https:\/\/twitter.com\/de\/privacy\" rel=\"noopener\">UU. Pol\u00edtica de privacidad Twitter<\/a><\/li>\n\n\n\n<li><strong>Plugin social de YouTube<\/strong> Proveedor: YouTube LLC, 901 Cherry Ave., San Bruno, CA 94066, EE. <a href=\"https:\/\/support.google.com\/youtube\/answer\/7671399?p=privacy_guidelines&amp;hl=de&amp;visit_id=0-636626849582267215-2157880719&amp;rd=1\" rel=\"noopener\">UU. Pol\u00edtica de privacidad de YouTube<\/a><\/li>\n<\/ul>\n","protected":false},"excerpt":{"rendered":"<p>Pol\u00edtica de Cookies Cookies, web analysis services and social media. Nos gustar\u00eda que su experiencia en nuestro sitio web fuera buena y, por lo tanto, utilizamos cookies, servicios de an\u00e1lisis web y complementos de redes sociales seg\u00fan el art\u00edculo 6, p\u00e1rrafo 1, f del RGPD. Para ello, utilizamos diversas cookies y servicios para garantizar la &#8230; <a title=\"Pol\u00edtica de cookies\" class=\"read-more\" href=\"https:\/\/skischoolgrimentz.ch\/es\/politica-cookies\/\" aria-label=\"Leer m\u00e1s sobre Pol\u00edtica de cookies\">Leer m\u00e1s<\/a><\/p>\n","protected":false},"author":4,"featured_media":0,"parent":0,"menu_order":0,"comment_status":"closed","ping_status":"closed","template":"","meta":{"inline_featured_image":false,"_kad_blocks_custom_css":"","_kad_blocks_head_custom_js":"","_kad_blocks_body_custom_js":"","_kad_blocks_footer_custom_js":"","_mbp_gutenberg_autopost":false,"_joinchat":[],"footnotes":""},"class_list":["post-2626","page","type-page","status-publish"],"taxonomy_info":[],"featured_image_src_large":false,"author_info":{"display_name":"Wajari Vel\u00e1squez Fern\u00e1ndez","author_link":"https:\/\/skischoolgrimentz.ch\/es\/author\/wajari\/"},"comment_info":0,"_links":{"self":[{"href":"https:\/\/skischoolgrimentz.ch\/es\/wp-json\/wp\/v2\/pages\/2626","targetHints":{"allow":["GET"]}}],"collection":[{"href":"https:\/\/skischoolgrimentz.ch\/es\/wp-json\/wp\/v2\/pages"}],"about":[{"href":"https:\/\/skischoolgrimentz.ch\/es\/wp-json\/wp\/v2\/types\/page"}],"author":[{"embeddable":true,"href":"https:\/\/skischoolgrimentz.ch\/es\/wp-json\/wp\/v2\/users\/4"}],"replies":[{"embeddable":true,"href":"https:\/\/skischoolgrimentz.ch\/es\/wp-json\/wp\/v2\/comments?post=2626"}],"version-history":[{"count":5,"href":"https:\/\/skischoolgrimentz.ch\/es\/wp-json\/wp\/v2\/pages\/2626\/revisions"}],"predecessor-version":[{"id":5504,"href":"https:\/\/skischoolgrimentz.ch\/es\/wp-json\/wp\/v2\/pages\/2626\/revisions\/5504"}],"wp:attachment":[{"href":"https:\/\/skischoolgrimentz.ch\/es\/wp-json\/wp\/v2\/media?parent=2626"}],"curies":[{"name":"wp","href":"https:\/\/api.w.org\/{rel}","templated":true}]}}