{"id":2679,"date":"2023-03-07T17:19:38","date_gmt":"2023-03-07T16:19:38","guid":{"rendered":"https:\/\/skiracingcamps.ch\/politica-de-privacidad\/"},"modified":"2025-09-24T15:31:01","modified_gmt":"2025-09-24T13:31:01","slug":"politica-privacidad","status":"publish","type":"page","link":"https:\/\/skischoolgrimentz.ch\/es\/politica-privacidad\/","title":{"rendered":"Pol\u00edtica de privacidad"},"content":{"rendered":"\n<p>Nuestro objetivo es garantizar que se sienta seguro en nuestro sitio web, por lo que su privacidad y la protecci\u00f3n de sus derechos personales son importantes para nosotros. Por lo tanto, le pedimos que lea detenidamente el resumen a continuaci\u00f3n sobre c\u00f3mo funciona nuestro sitio web. Puede confiar en que sus datos se procesar\u00e1n de manera transparente y justa, y haremos todo lo posible para manejar sus datos con cuidado y responsabilidad.  <\/p>\n\n<p>La siguiente Pol\u00edtica de Privacidad tiene como objetivo informarle sobre c\u00f3mo utilizamos sus datos personales, para lo cual cumplimos con los estrictos requisitos del Reglamento General de Protecci\u00f3n de Datos (RGPD).<\/p>\n\n<div style=\"height:30px\" aria-hidden=\"true\" class=\"wp-block-spacer\"><\/div>\n\n<h2 class=\"wp-block-heading\">Datos de contacto del responsable del tratamiento y del delegado de protecci\u00f3n de datos<\/h2>\n\n<p>El responsable del tratamiento a efectos del GDPR, otra legislaci\u00f3n de protecci\u00f3n de datos de los Estados miembros de la UE y otras normativas relativas a la protecci\u00f3n de datos es:<\/p>\n\n<ul class=\"wp-block-list\">\n<li>Direcci\u00f3n: BrookLin Collective S\u00e0rl, Route de Ricard 8, 3960, Niouc, Suiza<\/li>\n\n\n\n<li>Tel\u00e9fono: +41 767 721 509<\/li>\n\n\n\n<li>Correo electr\u00f3nico: <a href=\"mailto:anniviers@bespokesnowsports.ch\">anniviers@bespokesnowsports.ch<\/a><\/li>\n\n\n\n<li>Se puede contactar con el responsable de la protecci\u00f3n de datos del responsable en: <a href=\"mailto:anniviers@bespokesnowsports.ch\" target=\"_blank\" rel=\"noreferrer noopener\">anniviers@bespokesnowsports.ch<\/a><\/li>\n<\/ul>\n\n<div style=\"height:30px\" aria-hidden=\"true\" class=\"wp-block-spacer\"><\/div>\n\n<h2 class=\"wp-block-heading\">Alcance del tratamiento de datos personales<\/h2>\n\n<p>Recopilamos y utilizamos sus datos personales solo en la medida en que sea necesario para proporcionar un sitio web que funcione, nuestros contenidos y servicios, por ejemplo, cuando se registra en nuestro sitio web, inicia sesi\u00f3n en una cuenta de cliente existente o realiza un pedido de productos. Sus datos personales solo se recopilan y utilizan con su consentimiento. Una excepci\u00f3n a esta regla es cuando el consentimiento previo no es posible debido a circunstancias determinadas y el procesamiento de los datos est\u00e1 permitido por ley.  <\/p>\n\n<p>La seguridad de sus datos personales es de alta prioridad para nosotros. Por lo tanto, tomamos medidas t\u00e9cnicas y organizativas para proteger sus datos almacenados por nosotros con el fin de evitar eficazmente su p\u00e9rdida y su uso indebido por parte de terceros. En particular, nuestros empleados encargados del tratamiento de datos personales est\u00e1n sujetos a obligaciones de confidencialidad y est\u00e1n obligados a cumplirlas. Sus datos personales est\u00e1n protegidos garantizando que se transmitan de forma cifrada; por ejemplo, utilizamos SSL (Secure Sockets Layer) para comunicarnos con su navegador web. Su navegador mostrar\u00e1 un s\u00edmbolo de candado para que pueda ver cu\u00e1ndo se ha establecido una conexi\u00f3n SSL. Para garantizar que sus datos est\u00e9n protegidos en todo momento, las medidas t\u00e9cnicas de seguridad se revisan peri\u00f3dicamente y, en su caso, se adaptan a los nuevos est\u00e1ndares tecnol\u00f3gicos. Estos principios tambi\u00e9n se aplican a las empresas a las que encargamos el tratamiento y el uso de datos de acuerdo con nuestras instrucciones.      <\/p>\n\n<div style=\"height:30px\" aria-hidden=\"true\" class=\"wp-block-spacer\"><\/div>\n\n<p><strong>Finalidades del tratamiento y principios jur\u00eddicos que rigen el tratamiento de sus datos personales<\/strong><br\/>Recopilamos, procesamos y utilizamos sus datos personales para los siguientes fines:<\/p>\n\n<ul class=\"wp-block-list\">\n<li>Establecimiento y ejecuci\u00f3n de contratos<\/li>\n\n\n\n<li>El env\u00edo de boletines informativos.<\/li>\n\n\n\n<li>Actividades de marketing, como sorteos de premios<\/li>\n\n\n\n<li>Servicio y atenci\u00f3n al cliente<\/li>\n\n\n\n<li>Prestaci\u00f3n de servicios de radiodifusi\u00f3n, por ejemplo, para tramitar pedidos de los bienes y servicios que ofrecemos en l\u00ednea.<\/li>\n<\/ul>\n\n<p>El tratamiento de sus datos personales puede basarse en los siguientes principios jur\u00eddicos:<\/p>\n\n<ul class=\"wp-block-list\">\n<li>El art\u00edculo 6, apartado 1, letra a del RGPD sirve de base jur\u00eddica para las actividades de tratamiento para las que adquirimos su consentimiento para un determinado fin de tratamiento.   <\/li>\n\n\n\n<li>El art\u00edculo 6, apartado 1, letra b del RGPD establece que los datos personales pueden tratarse para la ejecuci\u00f3n de un contrato, por ejemplo, al comprar un producto. Lo mismo se aplica a las actividades de tratamiento que sean necesarias para la realizaci\u00f3n de actividades precontractuales, como la tramitaci\u00f3n de consultas sobre productos o servicios.  <\/li>\n\n\n\n<li>El art\u00edculo 6, apartado 1, letra c del RGPD se aplica en los casos en los que estemos sujetos a una obligaci\u00f3n legal que requiera el tratamiento de datos personales, por ejemplo, para el cumplimiento de obligaciones fiscales. <\/li>\n\n\n\n<li>El art\u00edculo 6, apartado 1, letra d del RGPD establece que los datos personales pueden ser tratados con el fin de proteger sus intereses vitales o los de otra persona f\u00edsica. <\/li>\n\n\n\n<li>El art\u00edculo 6, apartado 1, letra f del RGPD se aplica en relaci\u00f3n con nuestros intereses leg\u00edtimos, por ejemplo, cuando se recurre a proveedores de servicios con el fin de realizar pedidos (por ejemplo, servicios de entrega), cuando se realizan encuestas y an\u00e1lisis estad\u00edsticos o cuando se registran intentos de inicio de sesi\u00f3n. Nuestro inter\u00e9s radica en proporcionar un sitio web f\u00e1cil de usar, atractivo y seguro y optimizarlo para servir a nuestros intereses comerciales y cumplir con sus expectativas.  <\/li>\n<\/ul>\n\n<div style=\"height:30px\" aria-hidden=\"true\" class=\"wp-block-spacer\"><\/div>\n\n<h2 class=\"wp-block-heading\">Duraci\u00f3n del almacenamiento y supresi\u00f3n sistem\u00e1tica de datos personales<\/h2>\n\n<p>Solo procesamos y almacenamos sus datos personales durante el tiempo que sea necesario para cumplir con el prop\u00f3sito para el que se almacenan o mientras estemos obligados a hacerlo de acuerdo con la ley o la regulaci\u00f3n. Una vez que la finalidad deje de aplicarse o se cumpla, sus datos personales ser\u00e1n eliminados o restringidos. En caso de limitaci\u00f3n de datos, estos se eliminar\u00e1n en cuanto los plazos de conservaci\u00f3n impuestos por la ley, los estatutos o los contratos ya no impidan que se lleve a cabo esta supresi\u00f3n, siempre que no haya motivos para suponer que la supresi\u00f3n pondr\u00eda en peligro sus intereses leg\u00edtimos, y siempre que esta supresi\u00f3n no implique un esfuerzo desproporcionadamente alto debido a la naturaleza espec\u00edfica del almacenamiento.  <\/p>\n\n<div style=\"height:30px\" aria-hidden=\"true\" class=\"wp-block-spacer\"><\/div>\n\n<h2 class=\"wp-block-heading\">Recogida de datos e informaci\u00f3n generales (archivos de registro)<\/h2>\n\n<p>De conformidad con el art\u00edculo 6, apartado 1, letra f del RGPD, nuestro sitio web recopila una serie de datos e informaci\u00f3n generales sobre cada acceso que se almacenan temporalmente en los archivos de registro de un servidor. Se crea un archivo de registro como parte del registro autom\u00e1tico realizado por el sistema inform\u00e1tico de procesamiento. Se podr\u00e1n recabar los siguientes datos:   <\/p>\n\n<ul class=\"wp-block-list\">\n<li>Acceso al sitio web (fecha, hora y frecuencia)<\/li>\n\n\n\n<li>C\u00f3mo lleg\u00f3 al sitio web (p\u00e1gina de referencia, hiperv\u00ednculo, etc.)<\/li>\n\n\n\n<li>Volumen de datos enviados<\/li>\n\n\n\n<li>El navegador y la versi\u00f3n del navegador que est\u00e1 utilizando<\/li>\n\n\n\n<li>El sistema operativo que utiliza<\/li>\n\n\n\n<li>El proveedor de servicios de Internet que utiliza<\/li>\n\n\n\n<li>La direcci\u00f3n IP que su proveedor de servicios de Internet asigna a su ordenador cuando se conecta a Internet.<\/li>\n<\/ul>\n\n<p>La recopilaci\u00f3n y el almacenamiento de estos datos son necesarios para el funcionamiento del sitio web con el fin de proporcionar la funcionalidad del sitio web y entregar correctamente el contenido de nuestro sitio web. Tambi\u00e9n utilizamos los datos para optimizar nuestro sitio web y garantizar la seguridad de nuestros sistemas inform\u00e1ticos. Por este motivo, los datos se almacenan durante un m\u00e1ximo de siete d\u00edas como medida de precauci\u00f3n t\u00e9cnica.  <\/p>\n\n<p>Tambi\u00e9n utilizamos estos datos con fines de marketing, investigaci\u00f3n de mercado y estructuraci\u00f3n de nuestros servicios para satisfacer la demanda mediante la creaci\u00f3n y el an\u00e1lisis de perfiles de uso bajo seud\u00f3nimos, aunque solo si no ha hecho valer su derecho a rechazar o retirar el consentimiento para el uso de sus datos de esta manera (consulte las notas sobre su derecho de oposici\u00f3n en \u00abSus derechos\u00bb). Esto incluye la funci\u00f3n \u00abRecu\u00e9rdame\u00bb que tambi\u00e9n puedes desactivar en tu cuenta de cliente en \u00abDatos personales\u00bb. <\/p>\n\n<div style=\"height:30px\" aria-hidden=\"true\" class=\"wp-block-spacer\"><\/div>\n\n<h2 class=\"wp-block-heading\"><strong>Cookies, servicios de an\u00e1lisis web y redes sociales<\/strong><\/h2>\n\n<p>En nuestro sitio web utilizamos cookies, servicios de an\u00e1lisis web y plugins de redes sociales, para los que existe una Pol\u00edtica de Privacidad aparte.<\/p>\n\n<p><strong>Tratamiento de datos personales al establecer contacto, al registrarse y al enviar pedidos de hu\u00e9spedes.<\/strong><\/p>\n\n<p>a) Contacto Al ponerse en contacto con nosotros por tel\u00e9fono, correo electr\u00f3nico o a trav\u00e9s del formulario de contacto, almacenaremos la informaci\u00f3n que nos proporcione sobre la base del art\u00edculo 6, apartado 1, letra a del RGPD para responder a sus preguntas. El contacto se registrar\u00e1 para poder proporcionar evidencia del contacto de acuerdo con los requisitos legales. Se obtendr\u00e1 su consentimiento para el tratamiento de datos al completar el formulario de contacto y en el mismo se hace referencia a esta Pol\u00edtica de Privacidad. Los datos que se recopilen en relaci\u00f3n con esto ser\u00e1n eliminados por nosotros cuando la conversaci\u00f3n en cuesti\u00f3n haya concluido y el asunto en cuesti\u00f3n se haya resuelto de manera concluyente.     <\/p>\n\n<p>b) Miscel\u00e1nea Sobre la base del art\u00edculo 6, apartado 1, letras c y f del RGPD, utilizamos y almacenamos sus datos personales e informaci\u00f3n t\u00e9cnica cuando sea necesario para prevenir o investigar el uso indebido u otros comportamientos ilegales en nuestro sitio web, por ejemplo, para mantener la seguridad de los datos en caso de ataques a nuestros sistemas inform\u00e1ticos. Esto tambi\u00e9n puede hacerse sobre la base de \u00f3rdenes de las autoridades p\u00fablicas o los tribunales de justicia, en la medida en que as\u00ed lo exija la ley, y tambi\u00e9n para preservar nuestros derechos e intereses y permitir una defensa legal por nuestra parte.  <\/p>\n\n<p><strong>Transmisi\u00f3n de datos personales a terceros.<\/strong><\/p>\n\n<p>Al transmitir sus datos personales, nos aseguramos de que el nivel de seguridad sea siempre el m\u00e1s alto posible, por lo que sus datos solo se transmiten a proveedores de servicios y empresas asociadas que han sido cuidadosamente seleccionados de antemano y est\u00e1n sujetos a obligaciones contractuales. Adem\u00e1s, solo transmitimos sus datos a organismos que se encuentran dentro del Espacio Econ\u00f3mico Europeo y, por lo tanto, est\u00e1n sujetos a la estricta legislaci\u00f3n de protecci\u00f3n de datos de la UE o que est\u00e1n sujetos a un est\u00e1ndar de seguridad correspondiente. Actualmente no se ha realizado ni est\u00e1 prevista la transmisi\u00f3n de datos a terceros pa\u00edses.  <\/p>\n\n<p>a) Transmisi\u00f3n entre empresas afiliadas al Grupo de conformidad con el art\u00edculo 6, apartado 1, letra b del RGPD Transmitimos sus datos personales para la celebraci\u00f3n y ejecuci\u00f3n de contratos relacionados con la ejecuci\u00f3n de entregas y servicios en nuestro sitio web a empresas afiliadas al Grupo en Alemania para ser almacenados en bases de datos centrales y para fines internos de facturaci\u00f3n y contabilidad del Grupo. Esto es especialmente necesario para que pueda utilizar todos nuestros servicios. Si desea recoger su pedido en un punto de venta, se notificar\u00e1 su pedido al punto de venta que haya seleccionado y lo procesar\u00e1. Si se pone en contacto con un punto de venta o con nuestra l\u00ednea directa de atenci\u00f3n al cliente en caso de preguntas, quejas o devoluciones, tambi\u00e9n obtendr\u00e1n acceso a los datos de su pedido para poder abordar su inquietud.    <\/p>\n\n<p>b) Transmisi\u00f3n a terceros de conformidad con el art\u00edculo 6, apartado 1, letras c y f del RGPD Por \u00faltimo, podemos transmitir sus datos a terceros u organismos gubernamentales en virtud de la legislaci\u00f3n vigente en materia de protecci\u00f3n de datos si estamos legalmente obligados a hacerlo (por ejemplo, sobre la base de una orden de una autoridad p\u00fablica o un tribunal de justicia) o si tenemos derecho a hacerlo (por ejemplo, porque es necesario para la investigaci\u00f3n de actividades delictivas o para hacer valer y hacer valer nuestros derechos e intereses). <\/p>\n\n<p><strong>Sus derechos.<\/strong><\/p>\n\n<p>Por supuesto, usted tiene derechos en relaci\u00f3n con la recopilaci\u00f3n de sus datos, de los que nos complace informarle aqu\u00ed. Si desea hacer uso de cualquiera de los siguientes derechos de forma gratuita, simplemente env\u00edenos un mensaje. Puede utilizar los siguientes datos de contacto sin incurrir en ning\u00fan coste distinto de los cobrados por su proveedor de comunicaciones por la transmisi\u00f3n del mensaje:  <\/p>\n\n<p>Por correo electr\u00f3nico: <a href=\"mailto:anniviers@bespokesnowsports.ch\" target=\"_blank\" rel=\"noreferrer noopener\"><\/a><a href=\"mailto:anniviers@bespokesnowsports.ch\">anniviers@bespokesnowsports.ch<\/a><br\/>Por correo postal: BrookLin Collective S\u00e0rl, Route de Ricard 8, 3960, Niouc, Suiza<\/p>\n\n<p>Por su propia seguridad, nos reservamos el derecho de obtener m\u00e1s informaci\u00f3n necesaria para confirmar su identidad al responder a una consulta existente. Si la identificaci\u00f3n no es posible, tambi\u00e9n nos reservamos el derecho de negarnos a responder a su consulta. <\/p>\n\n<p>a) Derecho de informaci\u00f3n Tiene derecho a exigirnos informaci\u00f3n sobre los datos personales almacenados sobre usted.<\/p>\n\n<p>b) Derecho de rectificaci\u00f3n Tiene derecho a exigir la rectificaci\u00f3n inmediata y\/o la finalizaci\u00f3n de los datos personales almacenados sobre usted.<\/p>\n\n<p>c)Derecho a restringir el tratamiento Tiene derecho a exigir que se restrinja el tratamiento de sus datos personales si impugna la exactitud de los datos almacenados sobre usted, si el tratamiento es ilegal y ya no necesitamos los datos, pero no desea que se supriman y los necesita para hacer valer, ejercer o defender derechos legales, o si ha revelado su oposici\u00f3n a su tratamiento.<\/p>\n\n<p>d)Derecho de supresi\u00f3n Usted tiene derecho a solicitar la supresi\u00f3n de sus datos personales almacenados por nosotros, a menos que la conservaci\u00f3n de los datos sea necesaria para la libertad de expresi\u00f3n, para la libertad de informaci\u00f3n, para el cumplimiento de una obligaci\u00f3n legal, por razones de inter\u00e9s p\u00fablico, para hacer valer o defenderse contra reclamaciones legales o para ejercer derechos legales.<\/p>\n\n<p>e) Derecho de informaci\u00f3n Si ha hecho valer su derecho de rectificaci\u00f3n, supresi\u00f3n o limitaci\u00f3n del tratamiento, notificaremos a todos los destinatarios de sus datos personales c\u00f3mo se han rectificado, suprimido o limitado dichos datos, a menos que sea imposible hacerlo o suponga un esfuerzo desproporcionado.<\/p>\n\n<p>f) Derecho a la portabilidad de los datos Tiene derecho a que se le env\u00ede una copia de los datos que nos ha facilitado a usted o a un tercero en un formato estructurado, normalizado y legible por m\u00e1quina. Si exige que los datos se env\u00eden directamente a otro responsable del tratamiento, esto solo se har\u00e1 si es t\u00e9cnicamente posible. <\/p>\n\n<p>g) Derecho de oposici\u00f3n Si sus datos personales se procesan sobre la base de intereses leg\u00edtimos de conformidad con el art\u00edculo 6, apartado 1, letra f del RGPD, tiene derecho a oponerse al tratamiento en cualquier momento de conformidad con el art\u00edculo 21 del RGPD. <\/p>\n\n<p>h) Derecho a retirar el consentimiento Tiene derecho a retirar su consentimiento para la recopilaci\u00f3n de datos en cualquier momento con efecto futuro. Los datos recopilados hasta que la retirada surta efectos legales no se ven afectados por ello. Esperamos que comprenda que puede llevar alg\u00fan tiempo procesar su retiro por razones t\u00e9cnicas y que puede continuar recibiendo mensajes nuestros durante este tiempo.  <\/p>\n\n<p>i)Derecho a presentar una reclamaci\u00f3n ante una autoridad reguladora Si el tratamiento de sus datos personales infringe la legislaci\u00f3n sobre protecci\u00f3n de datos o si se han vulnerado sus derechos de protecci\u00f3n de datos de cualquier otro modo, puede presentar una reclamaci\u00f3n ante la autoridad reguladora.<\/p>\n\n<p>La forma m\u00e1s r\u00e1pida, sencilla y c\u00f3moda de ejercer sus derechos de rectificaci\u00f3n y supresi\u00f3n es iniciar sesi\u00f3n en su cuenta de cliente y editar o eliminar directamente los datos almacenados en ella. Tenga en cuenta que una vez que se borren sus datos, ya no tendr\u00e1 acceso a los servicios de nuestros socios de productos a trav\u00e9s de nuestro sitio web. Esto tambi\u00e9n puede incluir servicios de redescarga. Por lo tanto, haga una copia de seguridad de sus datos antes de hacer valer su derecho de supresi\u00f3n. Los datos que estemos obligados a almacenar de acuerdo con las obligaciones legales, los estatutos o los requisitos contractuales de conservaci\u00f3n se limitar\u00e1n en lugar de eliminarse para evitar su uso para otros fines.    <\/p>\n\n<p><strong>Enlaces a sitios web de otras empresas.<\/strong><\/p>\n\n<p>Nuestro sitio web contiene enlaces a los sitios web de otras empresas. No somos responsables de las precauciones de seguridad de datos de otros sitios web a los que se puede acceder a trav\u00e9s de estos enlaces. Consulte a trav\u00e9s de estos sitios web externos sobre sus respectivas pol\u00edticas de privacidad.  <\/p>\n\n<p><strong>Modificaciones a la Pol\u00edtica de Privacidad.<\/strong><\/p>\n\n<p>Para garantizar que nuestra Pol\u00edtica de Privacidad cumpla con los requisitos legales vigentes en todo momento, nos reservamos el derecho de realizar modificaciones en cualquier momento. Esto tambi\u00e9n se aplica cuando la Pol\u00edtica de Privacidad necesita ser modificada para acomodar productos o servicios nuevos o revisados. <\/p>\n","protected":false},"excerpt":{"rendered":"<p>Nuestro objetivo es garantizar que se sienta seguro en nuestro sitio web, por lo que su privacidad y la protecci\u00f3n de sus derechos personales son importantes para nosotros. Por lo tanto, le pedimos que lea detenidamente el resumen a continuaci\u00f3n sobre c\u00f3mo funciona nuestro sitio web. Puede confiar en que sus datos se procesar\u00e1n de &#8230; <a title=\"Pol\u00edtica de privacidad\" class=\"read-more\" href=\"https:\/\/skischoolgrimentz.ch\/es\/politica-privacidad\/\" aria-label=\"Leer m\u00e1s sobre Pol\u00edtica de privacidad\">Leer m\u00e1s<\/a><\/p>\n","protected":false},"author":1,"featured_media":0,"parent":0,"menu_order":0,"comment_status":"closed","ping_status":"closed","template":"","meta":{"inline_featured_image":false,"_kad_blocks_custom_css":"","_kad_blocks_head_custom_js":"","_kad_blocks_body_custom_js":"","_kad_blocks_footer_custom_js":"","_mbp_gutenberg_autopost":false,"_joinchat":[],"footnotes":""},"class_list":["post-2679","page","type-page","status-publish"],"taxonomy_info":[],"featured_image_src_large":false,"author_info":{"display_name":"carloslongarela","author_link":"https:\/\/skischoolgrimentz.ch\/es\/author\/carloslongarela\/"},"comment_info":0,"_links":{"self":[{"href":"https:\/\/skischoolgrimentz.ch\/es\/wp-json\/wp\/v2\/pages\/2679","targetHints":{"allow":["GET"]}}],"collection":[{"href":"https:\/\/skischoolgrimentz.ch\/es\/wp-json\/wp\/v2\/pages"}],"about":[{"href":"https:\/\/skischoolgrimentz.ch\/es\/wp-json\/wp\/v2\/types\/page"}],"author":[{"embeddable":true,"href":"https:\/\/skischoolgrimentz.ch\/es\/wp-json\/wp\/v2\/users\/1"}],"replies":[{"embeddable":true,"href":"https:\/\/skischoolgrimentz.ch\/es\/wp-json\/wp\/v2\/comments?post=2679"}],"version-history":[{"count":5,"href":"https:\/\/skischoolgrimentz.ch\/es\/wp-json\/wp\/v2\/pages\/2679\/revisions"}],"predecessor-version":[{"id":7971,"href":"https:\/\/skischoolgrimentz.ch\/es\/wp-json\/wp\/v2\/pages\/2679\/revisions\/7971"}],"wp:attachment":[{"href":"https:\/\/skischoolgrimentz.ch\/es\/wp-json\/wp\/v2\/media?parent=2679"}],"curies":[{"name":"wp","href":"https:\/\/api.w.org\/{rel}","templated":true}]}}