{"id":2624,"date":"2023-09-29T12:35:57","date_gmt":"2023-09-29T10:35:57","guid":{"rendered":"https:\/\/skiracingcamps.ch\/cookies-policy\/"},"modified":"2025-09-24T15:10:24","modified_gmt":"2025-09-24T13:10:24","slug":"politique-cookies","status":"publish","type":"page","link":"https:\/\/skischoolgrimentz.ch\/fr\/politique-cookies\/","title":{"rendered":"Politique de cookies"},"content":{"rendered":"\n<h1 class=\"wp-block-heading\">Politique Cookies<\/h1>\n\n<p><strong>Cookies, web analysis services and social media.<\/strong><\/p>\n\n<p>Nous souhaitons que votre exp\u00e9rience sur notre site web soit de bonne qualit\u00e9 et c\u2019est pourquoi nous utilisons des cookies, des services d\u2019analyse Web et des plug-ins de m\u00e9dias sociaux conform\u00e9ment \u00e0 l\u2019article 6, paragraphe 1, point f du RGPD. <\/p>\n\n<p>\u00c0 cette fin, nous utilisons divers cookies et services afin d\u2019assurer la pleine fonctionnalit\u00e9 de notre site Web et de le rendre aussi informatif et convivial que possible pour vous. Il est important pour nous que vous puissiez naviguer facilement sur notre site Web, c\u2019est pourquoi nous accordons une grande importance \u00e0 l\u2019am\u00e9lioration continue de celui-ci. Cela inclut l\u2019enregistrement de vos param\u00e8tres et des formulaires pr\u00e9remplis afin que vous n\u2019ayez pas besoin de saisir sans cesse les m\u00eames donn\u00e9es. Il est \u00e9galement important pour nous que vous ne voyiez que du contenu qui vous int\u00e9resse vraiment et qui faciliterait votre exp\u00e9rience en ligne.   <\/p>\n\n<p>Cependant, nous n\u2019oublierons pas de traiter vos donn\u00e9es personnelles avec soin. Vous trouverez ci-dessous des informations d\u00e9taill\u00e9es sur l\u2019utilisation des cookies et des services en vigueur sur ce site web. Bien entendu, vous pouvez d\u00e9sactiver tous les cookies et services si vous le souhaitez. Vous pouvez le faire soit en bloquant ou en supprimant les cookies via votre navigateur Internet, soit en les d\u00e9sactivant s\u00e9par\u00e9ment en installant un cookie de d\u00e9sactivation ou en suivant un lien. N\u2019oubliez pas que la d\u00e9sactivation est n\u00e9cessaire pour tous les navigateurs que vous utilisez. Si vous supprimez tous les cookies de votre navigateur, cela affecte \u00e9galement le cookie de d\u00e9sactivation.     <\/p>\n\n<p><strong>Functional cookies.<\/strong><\/p>\n\n<p>Les cookies sont de petits fichiers texte qui sont plac\u00e9s sur votre ordinateur par les sites que vous visitez, qui permettent de reconstituer tous les param\u00e8tres ou autres modifications que vous avez apport\u00e9es lors de votre prochaine visite.<\/p>\n\n<p>Ces cookies fonctionnels garantissent le bon fonctionnement de notre site web. Ces cookies sont conserv\u00e9s pendant une dur\u00e9e maximale de deux ans \u2013 ils sont ensuite automatiquement supprim\u00e9s. Les fonctions suivantes sont possibles avec ces cookies :  <\/p>\n\n<ul class=\"wp-block-list\">\n<li>l\u2019enregistrement des produits que vous avez plac\u00e9s dans le panier ou que vous avez enregistr\u00e9s dans votre liste de souhaits,<\/li>\n\n\n\n<li>enregistrer les donn\u00e9es que vous avez saisies lors du paiement ou lors de la passation d\u2019une commande afin que vous n\u2019ayez pas besoin de les saisir \u00e0 nouveau,<\/li>\n\n\n\n<li>l\u2019enregistrement des param\u00e8tres tels que la langue, l\u2019emplacement, le nombre de r\u00e9sultats de recherche, etc.<\/li>\n\n\n\n<li>saving settings for optimum video display, e.g. the desired buffer size and your screen\u2019s resolution,<\/li>\n\n\n\n<li>recording your browser settings to allow our website to be displayed optimally,<\/li>\n\n\n\n<li>recognising misuse of our websites and services, e.g. by recording numerous consecutive or failed attempts to register,<\/li>\n\n\n\n<li>loading the website in full so that the website remains accessible,<\/li>\n\n\n\n<li>saving your login data so that you do not need to enter it again each time,<\/li>\n<\/ul>\n\n<p>Vous pouvez emp\u00eacher l\u2019enregistrement de ces cookies ou supprimer les cookies d\u00e9j\u00e0 enregistr\u00e9s. Vous pouvez obtenir des informations plus d\u00e9taill\u00e9es aupr\u00e8s du fabricant ou dans la section d\u2019aide de votre navigateur Internet. Nous vous rappelons que certaines fonctions de notre site web ne seront soit plus disponibles, soit dans une mesure limit\u00e9e si vous n\u2019autorisez pas ces cookies fonctionnels.  <\/p>\n\n<p><strong>Analysis services for statistical purposes.<\/strong><\/p>\n\n<p>Afin de d\u00e9terminer quel contenu de notre site Web est le plus attrayant pour vous, nous surveillons en permanence le nombre de visiteurs et le contenu le plus fr\u00e9quemment consult\u00e9. Nous utilisons les donn\u00e9es que nous collectons \u00e0 des fins statistiques, telles que : <\/p>\n\n<ul class=\"wp-block-list\">\n<li>l\u2019enregistrement du nombre de visiteurs sur nos sites web,<\/li>\n\n\n\n<li>l\u2019enregistrement du temps que les visiteurs passent sur notre site,<\/li>\n\n\n\n<li>l\u2019enregistrement de l\u2019ordre des visites sur les diff\u00e9rents sites web,<\/li>\n\n\n\n<li>D\u00e9terminer quelles parties de notre site web doivent \u00eatre modifi\u00e9es ou optimis\u00e9es.<\/li>\n<\/ul>\n\n<p>Nous utilisons les services suivants \u00e0 des fins statistiques : Vous pouvez les d\u00e9sactiver en installant un cookie de d\u00e9sactivation ou en suivant un lien :<\/p>\n\n<p><strong>Google Analytics.<\/strong><\/p>\n\n<p>Google Analytics est un service d\u2019analyse Web de Google Inc., 1600 Amphitheatre Parkway Mountain View, CA 94043, \u00c9tats-Unis. Google Analytics utilise des cookies pour permettre \u00e0 l\u2019exploitant du site web d\u2019analyser la fa\u00e7on dont les utilisateurs utilisent le site. Les informations g\u00e9n\u00e9r\u00e9es par le cookie concernant votre utilisation de ce site Web sont g\u00e9n\u00e9ralement transf\u00e9r\u00e9es \u00e0 un serveur de Google aux \u00c9tats-Unis et y sont stock\u00e9es. Google r\u00e9duira au pr\u00e9alable votre adresse IP dans les \u00c9tats membres de l\u2019Union europ\u00e9enne ou dans d\u2019autres \u00c9tats parties \u00e0 l\u2019accord sur l\u2019Espace \u00e9conomique europ\u00e9en. Ce n\u2019est que dans des cas exceptionnels que l\u2019adresse IP compl\u00e8te sera transmise \u00e0 un serveur de Google aux \u00c9tats-Unis et y sera raccourcie. L\u2019adresse IP transmise par votre navigateur dans le cadre de Google Analytics n\u2019est pas fusionn\u00e9e avec d\u2019autres donn\u00e9es de Google. Les cookies stock\u00e9s de Google Analytics sont automatiquement supprim\u00e9s apr\u00e8s 14 mois.      <\/p>\n\n<p>Pour plus d\u2019informations sur les conditions d\u2019utilisation et la protection des donn\u00e9es, veuillez consulter <a href=\"https:\/\/www.google.com\/analytics\/terms\/gb.html\" rel=\"noopener\">https:\/\/www.google.com\/analytics\/terms\/gb.html<\/a> et <a href=\"https:\/\/policies.google.com\/?hl=en\" rel=\"noopener\">https:\/\/policies.google.com\/?hl=en<\/a><\/p>\n\n<p>Pour d\u00e9sactiver Google analytics, cliquez sur le lien suivant pour t\u00e9l\u00e9charger et installer un plug-in de navigateur :<a href=\"https:\/\/tools.google.com\/dlpage\/gaoptout?hl=en\" rel=\"noopener\">https:\/\/tools.google.com\/dlpage\/gaoptout?hl=en<\/a><\/p>\n\n<p>Vous pouvez \u00e9galement vous d\u00e9connecter de ces cookies, qui sont d\u00e9clench\u00e9s par ce que l\u2019on appelle Google Tag Manager int\u00e9gr\u00e9 au site Web, veuillez cliquer ici :Opt Out.Cela vous fournira une option de d\u00e9sactivation pour toutes les balises Google Tag Manager bas\u00e9es sur un cookie.<\/p>\n\n<p><strong>Marketing services.<\/strong><\/p>\n\n<p>Nous utilisons des services de marketing pour vous montrer des offres attrayantes et des offres de tiers. Cela implique que nous affichions des publicit\u00e9s par l\u2019interm\u00e9diaire de partenaires publicitaires ou de r\u00e9seaux publicitaires qui utilisent des cookies tiers. Ceux-ci sont activ\u00e9s lorsque vous visitez notre site Web et ne sont lus que par le partenaire publicitaire concern\u00e9. Nous voulons \u00e9galement ne vous montrer que des publicit\u00e9s qui vous plaisent vraiment. \u00c0 cette fin, nous utilisons le reciblage sur notre site Web pour nous assurer que les publicit\u00e9s correspondent \u00e0 vos int\u00e9r\u00eats. Les cookies stock\u00e9s temporairement \u00e0 cet effet permettent \u00e0 nos partenaires de reciblage de reconna\u00eetre les visiteurs de notre site Web sous un pseudonyme et de ne montrer que les produits susceptibles d\u2019int\u00e9resser nos visiteurs.     <\/p>\n\n<p>Aucune donn\u00e9e personnelle ou sensible n\u2019est stock\u00e9e dans les cookies de notre partenaire de retargeting. Et les donn\u00e9es collect\u00e9es ne seront pas fusionn\u00e9es avec des donn\u00e9es permettant d\u2019identifier nos visiteurs. <\/p>\n\n<p>Les services nous permettent, par exemple :<\/p>\n\n<ul class=\"wp-block-list\">\n<li>pour mesurer le succ\u00e8s et facturer la publicit\u00e9 entre les partenaires publicitaires et nous-m\u00eames,  <\/li>\n\n\n\n<li>pour suivre les publicit\u00e9s que vous avez d\u00e9j\u00e0 vues afin d\u2019\u00e9viter que les m\u00eames ne soient r\u00e9affich\u00e9es,  <\/li>\n\n\n\n<li>pour conna\u00eetre le nombre de fois que notre site web est consult\u00e9,<\/li>\n\n\n\n<li>to track internal search requests,<\/li>\n\n\n\n<li>pour voir quels sites de produits sont consult\u00e9s ou pour conna\u00eetre votre statut de connexion.<\/li>\n<\/ul>\n\n<p>Nous vous informons n\u00e9anmoins que, m\u00eame si vous d\u00e9sactivez ces services \u00e0 des fins de marketing, des publicit\u00e9s vous seront toujours pr\u00e9sent\u00e9es. Ces publicit\u00e9s pourraient, par exemple, \u00eatre adapt\u00e9es au contenu du site web. Vous pouvez comparer ce type de contenu \u2013 la publicit\u00e9 sur Internet d\u00e9pendante de la publicit\u00e9 t\u00e9l\u00e9vis\u00e9e \u2013 si vous regardez une \u00e9mission de t\u00e9l\u00e9vision sur la cuisine, vous verrez souvent une publicit\u00e9 sur les produits de cuisine pendant les pauses publicitaires.  <\/p>\n\n<p>Nous utilisons les services suivants \u00e0 des fins de marketing ; Vous pouvez les d\u00e9sactiver en installant un cookie de d\u00e9sactivation ou en suivant un lien :<\/p>\n\n<p><strong>Facebook \u00ab\u00a0pixel d\u2019action du visiteur\u00a0\u00bb<\/strong>Le \u00ab pixel d\u2019action du visiteur \u00bb est un outil de Facebook Inc., 1601 Willow Road, Menlo Park, CA 94025, \u00c9tats-Unis. Sur la base des visites du site web et du comportement de navigation, cet outil nous permet de d\u00e9terminer les groupes cibles pour la publicit\u00e9 sur Facebook, ce que l\u2019on appelle les \u00ab\u00a0Facebook-Ads\u00a0\u00bb. Nous utilisons \u00e9galement cet outil pour mesurer l\u2019efficacit\u00e9 des activit\u00e9s de marketing en ligne. Ainsi, nous pouvons suivre les actions des utilisateurs apr\u00e8s qu\u2019ils ont vu et\/ou cliqu\u00e9 sur une publicit\u00e9 Facebook, puis pass\u00e9 une commande. Une fois que vous atteignez le site web, le pixel est int\u00e9gr\u00e9 directement par Facebook et peut stocker un cookie sur votre appareil. Si vous vous connectez ensuite \u00e0 Facebook ou si vous \u00eates d\u00e9j\u00e0 connect\u00e9 \u00e0 Facebook, votre visite sur le site Web sera not\u00e9e dans votre profil. Les donn\u00e9es collect\u00e9es restent anonymes, ce qui signifie que nous ne pouvons ni voir les donn\u00e9es personnelles des utilisateurs individuels, ni les associer \u00e0 d\u2019autres informations sur un utilisateur. Cependant, ces donn\u00e9es sont stock\u00e9es et trait\u00e9es par Facebook, de sorte qu\u2019il est possible de tirer une conclusion sur le profil d\u2019utilisateur respectif. Le traitement des donn\u00e9es par Facebook a lieu conform\u00e9ment \u00e0 la politique d\u2019utilisation des donn\u00e9es de Facebook. Si vous n\u2019\u00eates pas membre de Facebook, vous n\u2019\u00eates pas concern\u00e9 par ce traitement de donn\u00e9es.         <\/p>\n\n<p><strong>Social media plug-ins.<\/strong><\/p>\n\n<p>Notre site Web vous propose des plug-ins de m\u00e9dias sociaux de diff\u00e9rents sites de m\u00e9dias sociaux afin que vous puissiez vous connecter \u00e0 vos canaux de m\u00e9dias sociaux. Ces plug-ins sont marqu\u00e9s d\u2019un logo ou de la mention \u00ab social plug-in \u00bb. L\u2019int\u00e9gration des plug-ins s\u2019effectue par l\u2019interm\u00e9diaire de AddThis.com, un service d\u2019Oracle America Inc., 500 Oracle Parkway, Redwood Shores, CA 94065, \u00c9tats-Unis.  <\/p>\n\n<p>Ce n\u2019est qu\u2019en un deuxi\u00e8me clic sur les plug-ins de m\u00e9dias sociaux que vous pouvez utiliser pleinement la fonction de diffusion (comme le bouton \u00ab\u00a0J\u2019aime\u00a0\u00bb). Si vous \u00eates membre d\u2019un r\u00e9seau social et que vous cliquez sur le plug-in social correspondant, le fournisseur du r\u00e9seau social peut \u00eatre en mesure de relier des informations sur votre visite sur notre site Web avec les donn\u00e9es de votre profil qui s\u2019y trouve. Veuillez vous informer sur ces fonctionnalit\u00e9s par les fournisseurs des r\u00e9seaux sociaux que vous utilisez.  <\/p>\n\n<p>Les plug-ins de m\u00e9dias sociaux suivants sont int\u00e9gr\u00e9s \u00e0 notre site Web :<\/p>\n\n<ul class=\"wp-block-list\">\n<li><strong>Bouton J\u2019aime \/ Partager de Facebook<\/strong> Fournisseur : Facebook Inc., 1601 Willow Road, Menlo Park, CA 94025, \u00c9tats-Unis <a href=\"https:\/\/www.facebook.com\/legal\/FB_Work_Privacy\" rel=\"noopener\">Politique de confidentialit\u00e9 Facebook<\/a><\/li>\n\n\n\n<li><strong>Bouton Google+<\/strong> Fournisseur : Google Inc., 1600 Amphitheater Parkway Mountain View, CA 94043, \u00c9tats-Unis <a href=\"https:\/\/policies.google.com\/privacy\" rel=\"noopener\">Politique de confidentialit\u00e9 Google+<\/a><\/li>\n\n\n\n<li><strong>Plugin social Instragram<\/strong> Fournisseur : Instagram LLC, 1601 Willow Road, Menlo Park, CA 94025, \u00c9tats-Unis <a href=\"https:\/\/help.instagram.com\/155833707900388\" rel=\"noopener\">Politique de confidentialit\u00e9 Instragram<\/a><\/li>\n\n\n\n<li><strong>Bouton Twitter Tweet<\/strong> Fournisseur : Twitter Inc., 1355 Market Street, Suite 900, San Francisco, CA 94103, \u00c9tats-Unis <a href=\"https:\/\/twitter.com\/de\/privacy\" rel=\"noopener\">Politique de confidentialit\u00e9 Twitter<\/a><\/li>\n\n\n\n<li><strong>Plugin social YouTube<\/strong> Fournisseur : YouTube LLC, 901 Cherry Ave., San Bruno, CA 94066, \u00c9tats-Unis <a href=\"https:\/\/support.google.com\/youtube\/answer\/7671399?p=privacy_guidelines&amp;hl=de&amp;visit_id=0-636626849582267215-2157880719&amp;rd=1\" rel=\"noopener\">Politique de confidentialit\u00e9 YouTube<\/a><\/li>\n<\/ul>\n","protected":false},"excerpt":{"rendered":"<p>Politique Cookies Cookies, web analysis services and social media. Nous souhaitons que votre exp\u00e9rience sur notre site web soit de bonne qualit\u00e9 et c\u2019est pourquoi nous utilisons des cookies, des services d\u2019analyse Web et des plug-ins de m\u00e9dias sociaux conform\u00e9ment \u00e0 l\u2019article 6, paragraphe 1, point f du RGPD. \u00c0 cette fin, nous utilisons divers &#8230; <a title=\"Politique de cookies\" class=\"read-more\" href=\"https:\/\/skischoolgrimentz.ch\/fr\/politique-cookies\/\" aria-label=\"En savoir plus sur Politique de cookies\">Lire plus<\/a><\/p>\n","protected":false},"author":4,"featured_media":0,"parent":0,"menu_order":0,"comment_status":"closed","ping_status":"closed","template":"","meta":{"inline_featured_image":false,"_kad_blocks_custom_css":"","_kad_blocks_head_custom_js":"","_kad_blocks_body_custom_js":"","_kad_blocks_footer_custom_js":"","_mbp_gutenberg_autopost":false,"_joinchat":[],"footnotes":""},"class_list":["post-2624","page","type-page","status-publish"],"taxonomy_info":[],"featured_image_src_large":false,"author_info":{"display_name":"Wajari Vel\u00e1squez Fern\u00e1ndez","author_link":"https:\/\/skischoolgrimentz.ch\/fr\/author\/wajari\/"},"comment_info":0,"_links":{"self":[{"href":"https:\/\/skischoolgrimentz.ch\/fr\/wp-json\/wp\/v2\/pages\/2624","targetHints":{"allow":["GET"]}}],"collection":[{"href":"https:\/\/skischoolgrimentz.ch\/fr\/wp-json\/wp\/v2\/pages"}],"about":[{"href":"https:\/\/skischoolgrimentz.ch\/fr\/wp-json\/wp\/v2\/types\/page"}],"author":[{"embeddable":true,"href":"https:\/\/skischoolgrimentz.ch\/fr\/wp-json\/wp\/v2\/users\/4"}],"replies":[{"embeddable":true,"href":"https:\/\/skischoolgrimentz.ch\/fr\/wp-json\/wp\/v2\/comments?post=2624"}],"version-history":[{"count":5,"href":"https:\/\/skischoolgrimentz.ch\/fr\/wp-json\/wp\/v2\/pages\/2624\/revisions"}],"predecessor-version":[{"id":5508,"href":"https:\/\/skischoolgrimentz.ch\/fr\/wp-json\/wp\/v2\/pages\/2624\/revisions\/5508"}],"wp:attachment":[{"href":"https:\/\/skischoolgrimentz.ch\/fr\/wp-json\/wp\/v2\/media?parent=2624"}],"curies":[{"name":"wp","href":"https:\/\/api.w.org\/{rel}","templated":true}]}}